{"id":1200,"date":"2015-12-02T15:08:08","date_gmt":"2015-12-02T15:08:08","guid":{"rendered":"https:\/\/serrurier-plateau.com\/?page_id=1200"},"modified":"2020-06-22T22:27:31","modified_gmt":"2020-06-22T22:27:31","slug":"english","status":"publish","type":"page","link":"https:\/\/serrurier-plateau.com\/en\/","title":{"rendered":"English"},"content":{"rendered":"<div id=\"pl-1200\"  class=\"panel-layout\" ><div id=\"pg-1200-0\"  class=\"panel-grid panel-has-style\" ><div class=\"siteorigin-panels-stretch panel-row-style panel-row-style-for-1200-0\" data-stretch-type=\"full\" ><div id=\"pgc-1200-0-0\"  class=\"panel-grid-cell\" ><div id=\"panel-1200-0-0-0\" class=\"so-panel widget widget_sow-editor panel-first-child panel-last-child\" data-index=\"0\" ><div\n\t\t\t\n\t\t\tclass=\"so-widget-sow-editor so-widget-sow-editor-base\"\n\t\t\t\n\t\t>\n<div class=\"siteorigin-widget-tinymce textwidget\">\n\t<p style=\"text-align: center;\"><span class=\"\" style=\"display:block;clear:both;height: 0px;padding-top: 10px;border-top-width:0px;border-bottom-width:0px;\"><\/span><\/p>\n<div id=\"desktoponly\">\n<h1 style=\"text-align: center;\"><span class=\"home-headline\">MONTREAL'S MOST TRUSTED LOCKSMITH<\/span><\/h1>\n<p style=\"text-align: center;\"><span style=\"color: #ffffff;\"><strong><span class=\"home-sub\">Call Now!<\/span>\u00a0<span class=\"home-sub\"><em>438-288-2819<\/em><\/span><\/strong><\/span><br \/>\n<a class=\"button primary-button\" href=\"https:\/\/serrurier-plateau.com\/en\/emergency-locksmith\/\">Emergency Locksmith<\/a>\u00a0<a class=\"button primary-button\" href=\"https:\/\/serrurier-plateau.com\/en\/auto-locksmith\/\">Lost your Car Key?<\/a><\/p>\n<\/div>\n<div id=\"mobileonly\">\n<h2 style=\"text-align: center; color: #fff; font-family: 'Fenix';\"><span style=\"color: #ffffff;\">MONTREAL'S MOST TRUSTED LOCKSMITH<\/span><\/h2>\n<p style=\"text-align: center; border-top: 1px solid #000000; font-family: Fenix;\"><span style=\"color: #ffffff;\">CALL NOW<span style=\"font-weight: bold;\">! <a href=\"tel:438-288-2819\"><em>438-288-2819<\/em><\/a><\/span><\/span><\/p>\n<\/div>\n<h2 style=\"text-align: center;\"><span class=\"\" style=\"display:block;clear:both;height: 0px;padding-top: 30px;border-top-width:0px;border-bottom-width:0px;\"><\/span><\/h2>\n<\/div>\n<\/div><\/div><\/div><\/div><\/div><div id=\"pg-1200-1\"  class=\"panel-grid panel-has-style\" ><div class=\"panel-row-style panel-row-style-for-1200-1\" ><div id=\"pgc-1200-1-0\"  class=\"panel-grid-cell panel-grid-cell-mobile-last\" ><div id=\"panel-1200-1-0-0\" class=\"so-panel widget widget_sow-editor panel-first-child panel-last-child\" data-index=\"1\" ><div\n\t\t\t\n\t\t\tclass=\"so-widget-sow-editor so-widget-sow-editor-base\"\n\t\t\t\n\t\t>\n<div class=\"siteorigin-widget-tinymce textwidget\">\n\t\n<div class=\"wpml-ls-statics-shortcode_actions wpml-ls wpml-ls-legacy-list-horizontal\">\n\t<ul role=\"menu\"><li class=\"wpml-ls-slot-shortcode_actions wpml-ls-item wpml-ls-item-en wpml-ls-current-language wpml-ls-first-item wpml-ls-item-legacy-list-horizontal\" role=\"none\">\n\t\t\t\t<a href=\"https:\/\/serrurier-plateau.com\/en\/\" class=\"wpml-ls-link\" role=\"menuitem\" >\n                                                        <img decoding=\"async\"\n            class=\"wpml-ls-flag\"\n            src=\"https:\/\/serrurier-plateau.com\/wp-content\/plugins\/sitepress-multilingual-cms\/res\/flags\/en.png\"\n            alt=\"\"\n            width=18\n            height=12\n    \/><span class=\"wpml-ls-native\" role=\"menuitem\">English<\/span><\/a>\n\t\t\t<\/li><li class=\"wpml-ls-slot-shortcode_actions wpml-ls-item wpml-ls-item-fr wpml-ls-last-item wpml-ls-item-legacy-list-horizontal\" role=\"none\">\n\t\t\t\t<a href=\"https:\/\/serrurier-plateau.com\/\" class=\"wpml-ls-link\" role=\"menuitem\"  aria-label=\"Switch to French\" title=\"Switch to French\" >\n                                                        <img decoding=\"async\"\n            class=\"wpml-ls-flag\"\n            src=\"https:\/\/serrurier-plateau.com\/wp-content\/plugins\/sitepress-multilingual-cms\/res\/flags\/fr.png\"\n            alt=\"\"\n            width=18\n            height=12\n    \/><span class=\"wpml-ls-display\">French<\/span><\/a>\n\t\t\t<\/li><\/ul>\n<\/div>\n\n<\/div>\n<\/div><\/div><\/div><div id=\"pgc-1200-1-1\"  class=\"panel-grid-cell panel-grid-cell-empty\" ><\/div><\/div><\/div><div id=\"pg-1200-2\"  class=\"panel-grid panel-has-style\" ><div class=\"siteorigin-panels-stretch panel-row-style panel-row-style-for-1200-2\" data-stretch-type=\"full\" ><div id=\"pgc-1200-2-0\"  class=\"panel-grid-cell\" ><div id=\"panel-1200-2-0-0\" class=\"so-panel widget widget_sow-editor panel-first-child panel-last-child\" data-index=\"2\" ><div class=\"panel-widget-style panel-widget-style-for-1200-2-0-0\" ><div\n\t\t\t\n\t\t\tclass=\"so-widget-sow-editor so-widget-sow-editor-base\"\n\t\t\t\n\t\t>\n<div class=\"siteorigin-widget-tinymce textwidget\">\n\t<p><a href=\"https:\/\/serrurier-plateau.com\/en\/emergency-locksmith\/\"><img loading=\"lazy\" decoding=\"async\" class=\"alignnone size-full wp-image-15535\" src=\"https:\/\/serrurier-plateau.com\/wp-content\/uploads\/2020\/05\/Locksmith-In-Montreal-1-2.png\" alt=\"Emergency locksmith Montreal\" width=\"500\" height=\"250\" srcset=\"https:\/\/serrurier-plateau.com\/wp-content\/uploads\/2020\/05\/Locksmith-In-Montreal-1-2.png 500w, https:\/\/serrurier-plateau.com\/wp-content\/uploads\/2020\/05\/Locksmith-In-Montreal-1-2-300x150.png 300w\" sizes=\"auto, (max-width: 500px) 100vw, 500px\" \/><\/a><\/p>\n<h2 class=\"p1\"><b>HOME, OFFICE &amp; AUTO EMERGENCY\u00a0LOCKSMITH<\/b><\/h2>\n<p class=\"p2\"><span style=\"color: #000000;\">When you are locked out of your home or car and suddenly find yourself in a jam, we are the right company to call,\u00a0so\u00a0if you want emergency locksmith services with a smile call us .<\/span><br \/>\n<span style=\"color: #000000;\">at\u00a0Locksmith Plateau we can ensure you only 25 min respond.<\/span><br \/>\n<span style=\"color: #000000;\">We are a phone call away \u00a0- 24\/7<\/span> -\u00a0<b><a href=\"tel:438-288-2819\">438-288-2819<\/a><\/b><\/p>\n<\/div>\n<\/div><\/div><\/div><\/div><div id=\"pgc-1200-2-1\"  class=\"panel-grid-cell\" ><div id=\"panel-1200-2-1-0\" class=\"so-panel widget widget_sow-editor panel-first-child panel-last-child\" data-index=\"3\" ><div class=\"panel-widget-style panel-widget-style-for-1200-2-1-0\" ><div\n\t\t\t\n\t\t\tclass=\"so-widget-sow-editor so-widget-sow-editor-base\"\n\t\t\t\n\t\t>\n<div class=\"siteorigin-widget-tinymce textwidget\">\n\t<p><a href=\"https:\/\/serrurier-plateau.com\/en\/auto-locksmith\/\"><img loading=\"lazy\" decoding=\"async\" class=\"alignnone size-full wp-image-15531\" src=\"https:\/\/serrurier-plateau.com\/wp-content\/uploads\/2020\/05\/Car-Locksmith-Montreal.png\" alt=\"Car Locksmith Montreal\" width=\"500\" height=\"250\" srcset=\"https:\/\/serrurier-plateau.com\/wp-content\/uploads\/2020\/05\/Car-Locksmith-Montreal.png 500w, https:\/\/serrurier-plateau.com\/wp-content\/uploads\/2020\/05\/Car-Locksmith-Montreal-300x150.png 300w\" sizes=\"auto, (max-width: 500px) 100vw, 500px\" \/><\/a><\/p>\n<h2><strong>LOST <span style=\"color: #ff6600;\">ALL<\/span> YOUR CAR KEYS? WE CAN HELP!<\/strong><\/h2>\n<p class=\"p1\"><span style=\"color: #000000;\">Our mobile\u00a0Automotive\u00a0Locksmith\u00a0service designed to be a dealer alternative by assisting you getting a cost effective\u00a0<b>on-site car key replacement<\/b>.<br \/>\nIn 10+ years, the automotive industry has been catching up to technology and becomes more than just a ride.<\/span><\/p>\n<\/div>\n<\/div><\/div><\/div><\/div><\/div><\/div><div id=\"pg-1200-3\"  class=\"panel-grid panel-has-style\" ><div class=\"siteorigin-panels-stretch panel-row-style panel-row-style-for-1200-3\" data-stretch-type=\"full\" ><div id=\"pgc-1200-3-0\"  class=\"panel-grid-cell\" ><div id=\"panel-1200-3-0-0\" class=\"so-panel widget widget_black-studio-tinymce widget_black_studio_tinymce panel-first-child panel-last-child\" data-index=\"4\" ><div class=\"textwidget\"><p style=\"text-align: center;\"><a href=\"https:\/\/serrurier-plateau.com\/en\/locksmith-coupons\/\"><img loading=\"lazy\" decoding=\"async\" class=\"alignnone wp-image-15442\" src=\"https:\/\/serrurier-plateau.com\/wp-content\/uploads\/2020\/05\/Copy-of-Coupons-de-re\u0301duction-pour-serrurier-1.png\" alt=\"Locksmith Coupons\" width=\"1000\" height=\"245\" srcset=\"https:\/\/serrurier-plateau.com\/wp-content\/uploads\/2020\/05\/Copy-of-Coupons-de-re\u0301duction-pour-serrurier-1.png 816w, https:\/\/serrurier-plateau.com\/wp-content\/uploads\/2020\/05\/Copy-of-Coupons-de-re\u0301duction-pour-serrurier-1-300x74.png 300w, https:\/\/serrurier-plateau.com\/wp-content\/uploads\/2020\/05\/Copy-of-Coupons-de-re\u0301duction-pour-serrurier-1-768x188.png 768w\" sizes=\"auto, (max-width: 1000px) 100vw, 1000px\" \/><\/a><\/p>\n<\/div><\/div><\/div><\/div><\/div><div id=\"pg-1200-4\"  class=\"panel-grid panel-has-style\" ><div class=\"siteorigin-panels-stretch panel-row-style panel-row-style-for-1200-4\" data-stretch-type=\"full\" ><div id=\"pgc-1200-4-0\"  class=\"panel-grid-cell\" ><div id=\"panel-1200-4-0-0\" class=\"so-panel widget widget_sow-editor panel-first-child panel-last-child\" data-index=\"5\" ><div class=\"panel-widget-style panel-widget-style-for-1200-4-0-0\" ><div\n\t\t\t\n\t\t\tclass=\"so-widget-sow-editor so-widget-sow-editor-base\"\n\t\t\t\n\t\t>\n<div class=\"siteorigin-widget-tinymce textwidget\">\n\t<p><a href=\"https:\/\/serrurier-plateau.com\/en\/commercial-locksmith\/\"><img loading=\"lazy\" decoding=\"async\" class=\"alignnone wp-image-15461 size-full\" src=\"https:\/\/serrurier-plateau.com\/wp-content\/uploads\/2020\/05\/Commercial-Locksmith-MONTREAL.png\" alt=\"Commercial Locksmith MONTREAL\" width=\"500\" height=\"250\" srcset=\"https:\/\/serrurier-plateau.com\/wp-content\/uploads\/2020\/05\/Commercial-Locksmith-MONTREAL.png 500w, https:\/\/serrurier-plateau.com\/wp-content\/uploads\/2020\/05\/Commercial-Locksmith-MONTREAL-300x150.png 300w\" sizes=\"auto, (max-width: 500px) 100vw, 500px\" \/><\/a><\/p>\n<p class=\"pageTitle\"><strong><span style=\"color: #000000;\">We Can Offer Your Business\u00a0<\/span><\/strong><b><span style=\"color: #000000;\">The locksmith service you need.<\/span><br \/>\n<\/b><strong><span style=\"color: #000000;\">We are local and provide professional\u00a0locksmith services\u00a0throughout the Montreal area.<\/span><\/strong><\/p>\n<ul class=\"ul1\">\n<li class=\"li1\"><span style=\"color: #000000;\"><strong>&gt;&gt;<\/strong> Office unlocking<\/span><\/li>\n<li class=\"li1\"><span style=\"color: #000000;\"><strong>&gt;&gt;\u00a0<\/strong>Trucks lockouts assistance<\/span><\/li>\n<li class=\"li1\"><span style=\"color: #000000;\"><strong>&gt;&gt;<\/strong>\u00a0High security locks<\/span><\/li>\n<li class=\"li1\"><span style=\"color: #000000;\"><strong>&gt;&gt;<\/strong>\u00a0Commercial locks replacement<\/span><\/li>\n<li class=\"li1\"><span style=\"color: #000000;\"><strong>&gt;&gt;<\/strong>\u00a0Electronic locks\u00a0<\/span><\/li>\n<li class=\"li1\"><span style=\"color: #000000;\"><strong>&gt;&gt;\u00a0<\/strong>Master key system<\/span><\/li>\n<li class=\"li1\"><span style=\"color: #000000;\"><strong>&gt;&gt;<\/strong>\u00a0Glass doors locks<\/span><\/li>\n<\/ul>\n<\/div>\n<\/div><\/div><\/div><\/div><div id=\"pgc-1200-4-1\"  class=\"panel-grid-cell\" ><div id=\"panel-1200-4-1-0\" class=\"so-panel widget widget_sow-editor panel-first-child panel-last-child\" data-index=\"6\" ><div class=\"panel-widget-style panel-widget-style-for-1200-4-1-0\" ><div\n\t\t\t\n\t\t\tclass=\"so-widget-sow-editor so-widget-sow-editor-base\"\n\t\t\t\n\t\t>\n<div class=\"siteorigin-widget-tinymce textwidget\">\n\t<p><a href=\"https:\/\/serrurier-plateau.com\/en\/residential-locksmith\/\"><img loading=\"lazy\" decoding=\"async\" class=\"alignnone size-full wp-image-15463\" src=\"https:\/\/serrurier-plateau.com\/wp-content\/uploads\/2020\/05\/Residential-Locksmith-MONTREAL.png\" alt=\"Residential Locksmith MONTREAL\" width=\"500\" height=\"250\" srcset=\"https:\/\/serrurier-plateau.com\/wp-content\/uploads\/2020\/05\/Residential-Locksmith-MONTREAL.png 500w, https:\/\/serrurier-plateau.com\/wp-content\/uploads\/2020\/05\/Residential-Locksmith-MONTREAL-300x150.png 300w\" sizes=\"auto, (max-width: 500px) 100vw, 500px\" \/><\/a><\/p>\n<p><strong><span style=\"color: #000000;\">Our mobile locksmiths carry a wide range of locks on their vans from leading industry brands.<br \/>\nWe provide professional service at a very affordable price.<\/span><\/strong><\/p>\n<ul class=\"ul1\">\n<li class=\"li1\"><span style=\"color: #000000;\"><strong>&gt;&gt;<\/strong> Home lockouts<\/span><\/li>\n<li class=\"li1\"><span style=\"color: #000000;\"><strong>&gt;&gt;\u00a0<\/strong>Car lockouts assistance<\/span><\/li>\n<li class=\"li1\"><span style=\"color: #000000;\"><strong>&gt;&gt;<\/strong>\u00a0Office lockouts<\/span><\/li>\n<li class=\"li1\"><span style=\"color: #000000;\"><strong>&gt;&gt;<\/strong>\u00a0Lost car key replacement<\/span><\/li>\n<li class=\"li1\"><span style=\"color: #000000;\"><strong>&gt;&gt;<\/strong>\u00a0Lost house key replacement<\/span><\/li>\n<li class=\"li1\"><span style=\"color: #000000;\"><strong>&gt;&gt;\u00a0<\/strong>Lock repairs<\/span><\/li>\n<li class=\"li1\"><span style=\"color: #000000;\"><strong>&gt;&gt;<\/strong>\u00a0Lock replacements<\/span><\/li>\n<\/ul>\n<\/div>\n<\/div><\/div><\/div><\/div><\/div><\/div><div id=\"pg-1200-5\"  class=\"panel-grid panel-no-style\" ><div id=\"pgc-1200-5-0\"  class=\"panel-grid-cell\" ><div id=\"panel-1200-5-0-0\" class=\"so-panel widget widget_sow-editor panel-first-child panel-last-child\" data-index=\"7\" ><div\n\t\t\t\n\t\t\tclass=\"so-widget-sow-editor so-widget-sow-editor-base\"\n\t\t\t\n\t\t>\n<div class=\"siteorigin-widget-tinymce textwidget\">\n\t<p><a href=\"https:\/\/serrurier-plateau.com\/en\/motorcycle-key-replacement\/\"><img loading=\"lazy\" decoding=\"async\" class=\"size-full wp-image-13741 aligncenter\" src=\"https:\/\/serrurier-plateau.com\/wp-content\/uploads\/2019\/04\/Copy-of-Copy-of-Copy-of-24H-1_opt.jpg\" alt=\"Motorcycle Key Replacement\" width=\"900\" height=\"189\" srcset=\"https:\/\/serrurier-plateau.com\/wp-content\/uploads\/2019\/04\/Copy-of-Copy-of-Copy-of-24H-1_opt.jpg 900w, https:\/\/serrurier-plateau.com\/wp-content\/uploads\/2019\/04\/Copy-of-Copy-of-Copy-of-24H-1_opt-300x63.jpg 300w, https:\/\/serrurier-plateau.com\/wp-content\/uploads\/2019\/04\/Copy-of-Copy-of-Copy-of-24H-1_opt-768x161.jpg 768w\" sizes=\"auto, (max-width: 900px) 100vw, 900px\" \/><\/a><\/p>\n<\/div>\n<\/div><\/div><\/div><\/div><div id=\"pg-1200-6\"  class=\"panel-grid panel-has-style\" ><div class=\"siteorigin-panels-stretch panel-row-style panel-row-style-for-1200-6\" data-stretch-type=\"full\" ><div id=\"pgc-1200-6-0\"  class=\"panel-grid-cell\" ><div id=\"panel-1200-6-0-0\" class=\"so-panel widget widget_sow-editor panel-first-child panel-last-child\" data-index=\"8\" ><div\n\t\t\t\n\t\t\tclass=\"so-widget-sow-editor so-widget-sow-editor-base\"\n\t\t\t\n\t\t>\n<div class=\"siteorigin-widget-tinymce textwidget\">\n\t<h2><strong>LOCAL MOBILE LOCKSMITH AT YOUR SERVICE<\/strong><\/h2>\n<p class=\"p1\"><span style=\"color: #000000;\">Locksmith Plateau is a mobile locksmith business, <strong>fully licensed, insured and experienced<\/strong>.<br \/>\nWe provide professional and certified specialists that operate 24\/7 to ensure that we\u2019re able to assist you during your times of need.<br \/>\n<\/span><span style=\"color: #000000;\">Emergencies don\u2019t always occur within regular business hours, and that\u2019s why you can call us any time of day or night to get connected with a friendly service rep who will act quickly to resolve your problem.<\/span><\/p>\n<h3 class=\"p1\"><strong>We are proud to provide exceptional locksmith services<\/strong><\/h3>\n<p class=\"p1\"><b><\/b><span style=\"color: #000000;\">Our\u00a0Montreal emergency locksmith\u00a0services include but are not limited to the following for Montreal and surrounding areas such as Laval, Kirkland, Lasalle, Brossard, Boucherville and Montreal Est.<\/span><\/p>\n<\/div>\n<\/div><\/div><\/div><div id=\"pgc-1200-6-1\"  class=\"panel-grid-cell\" ><div id=\"panel-1200-6-1-0\" class=\"so-panel widget widget_sow-editor panel-first-child panel-last-child\" data-index=\"9\" ><div\n\t\t\t\n\t\t\tclass=\"so-widget-sow-editor so-widget-sow-editor-base\"\n\t\t\t\n\t\t>\n<div class=\"siteorigin-widget-tinymce textwidget\">\n\t<h2><strong>SERVING MONTREAL AND\u00a0IT'S SURROUNDING<\/strong><\/h2>\n<p><span style=\"color: #000000;\">At Serrurier Plateau we offer full mobile locksmith services to fit any budget.<br \/>\nOur staff are trained to really listen to your problem and concerns.<\/span><\/p>\n<h3 class=\"p1\"><span style=\"color: #000000;\"><b>Benefits of our Emergency Locksmith Services<\/b><\/span><\/h3>\n<ul>\n<li><span style=\"color: #000000;\"><strong>&gt;&gt;<\/strong> Immediate response is guaranteed<\/span><\/li>\n<li><span style=\"color: #000000;\"><strong>&gt;&gt;<\/strong> Arrival time between 15 to 35 minutes<\/span><\/li>\n<li><span style=\"color: #000000;\"><strong>&gt;&gt;<\/strong> Will respond to any location inside Montreal<\/span><\/li>\n<li><span style=\"color: #000000;\"><strong>&gt;&gt;<\/strong> The best service at the most affordable price<\/span><\/li>\n<li><span style=\"color: #000000;\"><strong>&gt;&gt;<\/strong> Open 24\/7, including holidays<\/span><\/li>\n<li><span style=\"color: #000000;\"><strong>&gt;&gt;<\/strong> Professional, certified locksmiths<\/span><\/li>\n<\/ul>\n<p><span style=\"color: #000000;\">\u00a0<strong>Please call for more info at\u00a0<a href=\"tel:438-288-2819\"><span style=\"color: #ff0000;\">438-288-2819<\/span><\/a><\/strong><\/span><\/p>\n<hr \/>\n<p class=\"item-title\"><span style=\"color: #000000;\">Plateau Locksmiths are members of the<\/span> <span style=\"color: #000000;\"><strong>Corporation des Ma\u00eetres-Serruriers du Qu\u00e9bec &amp;<br \/>\n<\/strong><\/span><a href=\"https:\/\/www.bspquebec.ca\/en\"><span style=\"color: #000000;\">Bureau de la S\u00e9curit\u00e9 priv\u00e9e\u00a0<\/span><\/a><span style=\"color: #000000;\">Licensed<\/span><\/p>\n<p class=\"item-title\">\n<\/div>\n<\/div><\/div><\/div><\/div><\/div><div id=\"pg-1200-7\"  class=\"panel-grid panel-has-style\" ><div class=\"siteorigin-panels-stretch panel-row-style panel-row-style-for-1200-7\" data-stretch-type=\"full-stretched\" ><div id=\"pgc-1200-7-0\"  class=\"panel-grid-cell panel-grid-cell-empty\" ><\/div><div id=\"pgc-1200-7-1\"  class=\"panel-grid-cell\" ><div id=\"panel-1200-7-1-0\" class=\"so-panel widget widget_sow-editor panel-first-child panel-last-child\" data-index=\"10\" ><div\n\t\t\t\n\t\t\tclass=\"so-widget-sow-editor so-widget-sow-editor-base\"\n\t\t\t\n\t\t>\n<div class=\"siteorigin-widget-tinymce textwidget\">\n\t<h2 class=\"elementor-heading-title elementor-size-default\" style=\"text-align: center;\">SOCIAL \/ BLOG POSTS<\/h2>\n<h2 style=\"padding-left: 60px; text-align: center;\"><a href=\"https:\/\/twitter.com\/serrurierplate1\"><img loading=\"lazy\" decoding=\"async\" class=\"alignnone size-full wp-image-15647\" src=\"https:\/\/serrurier-plateau.com\/wp-content\/uploads\/2020\/06\/twitter-1.png\" alt=\"Serrurier Plateau - twitter\" width=\"32\" height=\"32\" \/><\/a> <a href=\"https:\/\/www.facebook.com\/serrurierplateau\/?ref=hl\">\u00a0\u00a0<img loading=\"lazy\" decoding=\"async\" class=\"alignnone size-full wp-image-15649\" src=\"https:\/\/serrurier-plateau.com\/wp-content\/uploads\/2020\/06\/facebook-1.png\" alt=\"Serrurier Plateau - facebook\" width=\"32\" height=\"32\" \/><\/a> <a href=\"https:\/\/www.instagram.com\/serrurier_plateau\/\">\u00a0\u00a0<img loading=\"lazy\" decoding=\"async\" class=\"alignnone size-full wp-image-15645\" src=\"https:\/\/serrurier-plateau.com\/wp-content\/uploads\/2020\/06\/instagram-sketched.png\" alt=\"Serrurier Plateau - instagram\" width=\"32\" height=\"32\" \/><\/a> <a href=\"https:\/\/www.youtube.com\/channel\/UCbu5OTHaZrK4HJWJFPNxeiA?guided_help_flow=3\">\u00a0\u00a0<img loading=\"lazy\" decoding=\"async\" class=\"alignnone size-full wp-image-15643\" src=\"https:\/\/serrurier-plateau.com\/wp-content\/uploads\/2020\/06\/youtube.png\" alt=\"Serrurier Plateau - youtube\" width=\"32\" height=\"32\" \/><\/a> <a href=\"https:\/\/www.google.com\/maps?cid=2149318087649192626&amp;authuser=3&amp;_ga=2.3260656.1505839210.1545523775-1778871015.1540344493\">\u00a0\u00a0<img loading=\"lazy\" decoding=\"async\" class=\"alignnone size-full wp-image-15641\" src=\"https:\/\/serrurier-plateau.com\/wp-content\/uploads\/2020\/06\/brands-and-logotypes.png\" alt=\"Serrurier Plateau - Google\" width=\"32\" height=\"32\" \/><\/a><\/h2>\n<h3 class=\"p1\" style=\"text-align: center;\"><a href=\"https:\/\/serrurier-plateau.com\/2018\/12\/electronic-door-locks\/\"><span class=\"s1\">&gt; Benefits Of Electronic Door Locks<\/span><\/a><\/h3>\n<hr \/>\n<div style=\"text-align: center;\">\n<h3 class=\"entry-title\"><a href=\"https:\/\/serrurier-plateau.com\/en\/car-keys-types\/\">&gt; Types Of Car Keys And How To Identify Yours<\/a><\/h3>\n<hr \/>\n<h3>&gt;\u00a0<a href=\"https:\/\/serrurier-plateau.com\/2016\/11\/serrure-mortaise\/\">Qu\u2019est ce qu\u2019une Serrure \u00e0 Mortaise<\/a><\/h3>\n<\/div>\n<div><span class=\"\" style=\"display:block;clear:both;height: 0px;padding-top: 10px;border-top-width:0px;border-bottom-width:0px;\"><\/span><\/div>\n<\/div>\n<\/div><\/div><\/div><div id=\"pgc-1200-7-2\"  class=\"panel-grid-cell\" ><div id=\"panel-1200-7-2-0\" class=\"so-panel widget widget_sow-editor panel-first-child panel-last-child\" data-index=\"11\" ><div\n\t\t\t\n\t\t\tclass=\"so-widget-sow-editor so-widget-sow-editor-base\"\n\t\t\t\n\t\t>\n<div class=\"siteorigin-widget-tinymce textwidget\">\n\t<h2 style=\"text-align: center;\"><span style=\"color: #000000;\">COMMON SERVICES<\/p>\n<p><\/span><\/h2>\n<h3 style=\"text-align: center;\"><a href=\"https:\/\/serrurier-plateau.com\/en\/motorcycle-key-replacement\/\"><span style=\"color: #000000;\">&gt; Lost motorcycle key making\u00a0<\/span><\/a><\/h3>\n<hr \/>\n<h3 class=\"p1\" style=\"text-align: center;\"><a href=\"https:\/\/serrurier-plateau.com\/en\/honda-ignition-repair\/\"><span class=\"s1\">&gt; Honda Ignition problems<\/span><\/a><\/h3>\n<hr \/>\n<h3 style=\"text-align: center;\"><a href=\"https:\/\/serrurier-plateau.com\/en\/mailbox-locks\/\">&gt; Need Your Mailbox Lock Replaced ?<\/a><\/h3>\n<hr \/>\n<h3 class=\"section_title text-center\" style=\"text-align: center;\"><a href=\"https:\/\/serrurier-plateau.com\/en\/high-security-locks\/\">&gt; Protecting Your Assets with High-Security Locks<\/a><\/h3>\n<\/div>\n<\/div><\/div><\/div><div id=\"pgc-1200-7-3\"  class=\"panel-grid-cell panel-grid-cell-mobile-last\" ><div id=\"panel-1200-7-3-0\" class=\"so-panel widget widget_sow-editor panel-first-child panel-last-child\" data-index=\"12\" ><div\n\t\t\t\n\t\t\tclass=\"so-widget-sow-editor so-widget-sow-editor-base\"\n\t\t\t\n\t\t>\n<div class=\"siteorigin-widget-tinymce textwidget\">\n\t<h2 style=\"text-align: center;\">CONTACT US<\/h2>\n<p style=\"text-align: center;\"><img loading=\"lazy\" decoding=\"async\" class=\"alignnone wp-image-14837 size-thumbnail\" src=\"https:\/\/serrurier-plateau.com\/wp-content\/uploads\/2019\/06\/serrurier-plateau-1-150x150.png\" alt=\"serrurier plateau\" width=\"150\" height=\"150\" srcset=\"https:\/\/serrurier-plateau.com\/wp-content\/uploads\/2019\/06\/serrurier-plateau-1-150x150.png 150w, https:\/\/serrurier-plateau.com\/wp-content\/uploads\/2019\/06\/serrurier-plateau-1-300x300.png 300w, https:\/\/serrurier-plateau.com\/wp-content\/uploads\/2019\/06\/serrurier-plateau-1.png 500w\" sizes=\"auto, (max-width: 150px) 100vw, 150px\" \/><\/p>\n<p style=\"text-align: center;\"><strong><a href=\"tel:4382882819\">TEL:<\/a>\u00a0<a href=\"tel:4382882819\">438.288.2819<\/a><br \/>\n<a href=\"mailto:serrurierplateau@gmail.com\">EMAIL: serrurierplateau@gmail.com<\/a><\/strong><\/p>\n<\/div>\n<\/div><\/div><\/div><div id=\"pgc-1200-7-4\"  class=\"panel-grid-cell panel-grid-cell-empty\" ><\/div><\/div><\/div><\/div>","protected":false},"excerpt":{"rendered":"<p>MONTREAL&#8217;S MOST TRUSTED LOCKSMITH Call Now!\u00a0438-288-2819 Emergency Locksmith\u00a0Lost your Car Key? MONTREAL&#8217;S MOST TRUSTED LOCKSMITH CALL NOW! 438-288-2819<\/p>\n","protected":false},"author":1,"featured_media":0,"parent":0,"menu_order":0,"comment_status":"closed","ping_status":"closed","template":"full-width-page.php","meta":{"footnotes":""},"class_list":["post-1200","page","type-page","status-publish","hentry"],"_links":{"self":[{"href":"https:\/\/serrurier-plateau.com\/en\/wp-json\/wp\/v2\/pages\/1200","targetHints":{"allow":["GET"]}}],"collection":[{"href":"https:\/\/serrurier-plateau.com\/en\/wp-json\/wp\/v2\/pages"}],"about":[{"href":"https:\/\/serrurier-plateau.com\/en\/wp-json\/wp\/v2\/types\/page"}],"author":[{"embeddable":true,"href":"https:\/\/serrurier-plateau.com\/en\/wp-json\/wp\/v2\/users\/1"}],"replies":[{"embeddable":true,"href":"https:\/\/serrurier-plateau.com\/en\/wp-json\/wp\/v2\/comments?post=1200"}],"version-history":[{"count":476,"href":"https:\/\/serrurier-plateau.com\/en\/wp-json\/wp\/v2\/pages\/1200\/revisions"}],"predecessor-version":[{"id":15660,"href":"https:\/\/serrurier-plateau.com\/en\/wp-json\/wp\/v2\/pages\/1200\/revisions\/15660"}],"wp:attachment":[{"href":"https:\/\/serrurier-plateau.com\/en\/wp-json\/wp\/v2\/media?parent=1200"}],"curies":[{"name":"wp","href":"https:\/\/api.w.org\/{rel}","templated":true}]}}