{"id":1564,"date":"2015-12-17T20:38:03","date_gmt":"2015-12-17T20:38:03","guid":{"rendered":"https:\/\/serrurier-plateau.com\/?page_id=1564"},"modified":"2019-10-05T14:14:49","modified_gmt":"2019-10-05T14:14:49","slug":"locksmith-downtown-montreal","status":"publish","type":"page","link":"https:\/\/serrurier-plateau.com\/en\/locksmith-downtown-montreal\/","title":{"rendered":"Locksmith Downtown Montreal"},"content":{"rendered":"<div id=\"pl-1564\"  class=\"panel-layout\" ><div id=\"pg-1564-0\"  class=\"panel-grid panel-no-style\" ><div id=\"pgc-1564-0-0\"  class=\"panel-grid-cell\" ><div id=\"panel-1564-0-0-0\" class=\"so-panel widget widget_sow-editor panel-first-child panel-last-child\" data-index=\"0\" ><div\n\t\t\t\n\t\t\tclass=\"so-widget-sow-editor so-widget-sow-editor-base\"\n\t\t\t\n\t\t>\n<div class=\"siteorigin-widget-tinymce textwidget\">\n\t<h1><strong><em>Locksmith Downtown Montreal<\/em><\/strong><\/h1>\n<p><span style=\"color: #000000;\"><strong><em>Locksmith Downtown Montreal<\/em><\/strong><\/span><strong><span style=\"color: #000000;\"><em>\u00a0<\/em><\/span><\/strong><strong style=\"color: #000000; line-height: 1.8;\"><em>offers 24 Hours Locksmith in Montreal as one of it may locksmith services. We are a fully licensed business that boasts a team of certified, highly skilled technicians<\/em><\/strong><\/p>\n<\/div>\n<\/div><\/div><\/div><\/div><div id=\"pg-1564-1\"  class=\"panel-grid panel-no-style\" ><div id=\"pgc-1564-1-0\"  class=\"panel-grid-cell\" ><div id=\"panel-1564-1-0-0\" class=\"so-panel widget widget_sow-editor panel-first-child panel-last-child\" data-index=\"1\" ><div\n\t\t\t\n\t\t\tclass=\"so-widget-sow-editor so-widget-sow-editor-base\"\n\t\t\t\n\t\t>\n<div class=\"siteorigin-widget-tinymce textwidget\">\n\t<h2><strong>Best Locksmith Company in Montreal<\/strong><\/h2>\n<p><span style=\"color: #000000;\"><img loading=\"lazy\" decoding=\"async\" class=\" wp-image-14617 alignleft\" src=\"https:\/\/serrurier-plateau.com\/wp-content\/uploads\/2019\/06\/urgence-serrurier_opt-300x187.jpg\" alt=\"SERRURIER D'URGENCE\" width=\"167\" height=\"104\" srcset=\"https:\/\/serrurier-plateau.com\/wp-content\/uploads\/2019\/06\/urgence-serrurier_opt-300x187.jpg 300w, https:\/\/serrurier-plateau.com\/wp-content\/uploads\/2019\/06\/urgence-serrurier_opt.jpg 346w\" sizes=\"auto, (max-width: 167px) 100vw, 167px\" \/>Our trained locksmith team is adept at resolving any possible complication in a swift and efficient manner.<br \/>\nOur staff is available to respond to your emergencies, and will arrive as quickly as possible to relieve your residential or commercial distresses as part of our 24 hour locksmith service.<\/span><\/p>\n<\/div>\n<\/div><\/div><\/div><div id=\"pgc-1564-1-1\"  class=\"panel-grid-cell\" ><div id=\"panel-1564-1-1-0\" class=\"so-panel widget widget_sow-editor panel-first-child panel-last-child\" data-index=\"2\" ><div\n\t\t\t\n\t\t\tclass=\"so-widget-sow-editor so-widget-sow-editor-base\"\n\t\t\t\n\t\t>\n<div class=\"siteorigin-widget-tinymce textwidget\">\n\t<h2><strong>24\/7 Emergency Locksmith Montreal<\/strong><\/h2>\n<p><span style=\"color: #000000;\"><img loading=\"lazy\" decoding=\"async\" class=\"wp-image-13254 alignleft\" src=\"https:\/\/serrurier-plateau.com\/wp-content\/uploads\/2016\/03\/Emergency-Locksmith-Montreal-300x200.jpg\" alt=\"24h Emergency Locksmith Montreal\" width=\"152\" height=\"101\" srcset=\"https:\/\/serrurier-plateau.com\/wp-content\/uploads\/2016\/03\/Emergency-Locksmith-Montreal-300x200.jpg 300w, https:\/\/serrurier-plateau.com\/wp-content\/uploads\/2016\/03\/Emergency-Locksmith-Montreal-768x512.jpg 768w, https:\/\/serrurier-plateau.com\/wp-content\/uploads\/2016\/03\/Emergency-Locksmith-Montreal-1024x683.jpg 1024w, https:\/\/serrurier-plateau.com\/wp-content\/uploads\/2016\/03\/Emergency-Locksmith-Montreal-272x182.jpg 272w\" sizes=\"auto, (max-width: 152px) 100vw, 152px\" \/>We will arrive at your location ASAP to fix whatever problem you have. We are devoted to providing the most professional <a href=\"https:\/\/serrurier-plateau.com\/en\/emergency-locksmith\/\"><strong>24-hour Downtown Montreal<\/strong><\/a>\u00a0service at the most affordable price. Our technicians are all professionally licensed and highly experienced in this competitive field.<\/span><\/p>\n<\/div>\n<\/div><\/div><\/div><\/div><div id=\"pg-1564-2\"  class=\"panel-grid panel-no-style\" ><div id=\"pgc-1564-2-0\"  class=\"panel-grid-cell\" ><div id=\"panel-1564-2-0-0\" class=\"so-panel widget widget_sow-editor panel-first-child panel-last-child\" data-index=\"3\" ><div\n\t\t\t\n\t\t\tclass=\"so-widget-sow-editor so-widget-sow-editor-base\"\n\t\t\t\n\t\t>\n<div class=\"siteorigin-widget-tinymce textwidget\">\n\t<h2><strong>Replacing and rekeying existing locks<\/strong><\/h2>\n<p><span style=\"color: #000000;\"><img loading=\"lazy\" decoding=\"async\" class=\" wp-image-14698 alignleft\" src=\"https:\/\/serrurier-plateau.com\/wp-content\/uploads\/2019\/06\/pe\u0302ne-dormant-haute-se\u0301curite\u0301_opt-300x200.jpg\" alt=\" p\u00eane dormant haute s\u00e9curit\u00e9\" width=\"152\" height=\"101\" srcset=\"https:\/\/serrurier-plateau.com\/wp-content\/uploads\/2019\/06\/pe\u0302ne-dormant-haute-se\u0301curite\u0301_opt-300x200.jpg 300w, https:\/\/serrurier-plateau.com\/wp-content\/uploads\/2019\/06\/pe\u0302ne-dormant-haute-se\u0301curite\u0301_opt-272x182.jpg 272w, https:\/\/serrurier-plateau.com\/wp-content\/uploads\/2019\/06\/pe\u0302ne-dormant-haute-se\u0301curite\u0301_opt.jpg 400w\" sizes=\"auto, (max-width: 152px) 100vw, 152px\" \/>We are equipped with advanced tools and are ready to accomplish whatever residential, commercial, or automotive locksmith tasks you have on hand. <strong>Locksmith Downtown Montreal<\/strong> offers 24\/7 locksmith &amp; security services. Our services include emergency locksmith, automotive locksmith services, doors, locks.<\/span><\/p>\n<\/div>\n<\/div><\/div><\/div><div id=\"pgc-1564-2-1\"  class=\"panel-grid-cell\" ><div id=\"panel-1564-2-1-0\" class=\"so-panel widget widget_sow-editor panel-first-child panel-last-child\" data-index=\"4\" ><div\n\t\t\t\n\t\t\tclass=\"so-widget-sow-editor so-widget-sow-editor-base\"\n\t\t\t\n\t\t>\n<div class=\"siteorigin-widget-tinymce textwidget\">\n\t<h2><strong>Car Locksmith Services Downtown Montreal<\/strong><\/h2>\n<p><span style=\"color: #000000;\">The job of an<\/span>\u00a0<span style=\"color: #3366ff;\"><a style=\"color: #3366ff;\" href=\"https:\/\/serrurier-plateau.com\/auto-locksmith-montreal\/\"><strong>automobile locksmith<\/strong><\/a><\/span>\u00a0<span style=\"color: #000000;\">is to get in your car when others have tried and failed.<br \/>\nThey make use of special tools to assist them in completing their job. Equipped with the ability to open stubborn and locked doors or make your trunk open, their tools are somewhat different from those regular locksmith uses. The reason for this is because they have to work with hundreds of different car models and trucks, plus they must be sure that they don\u2019t cause any damage to the vehicles while working.<\/span><\/p>\n<\/div>\n<\/div><\/div><\/div><\/div><div id=\"pg-1564-3\"  class=\"panel-grid panel-no-style\" ><div id=\"pgc-1564-3-0\"  class=\"panel-grid-cell\" ><div id=\"panel-1564-3-0-0\" class=\"so-panel widget widget_black-studio-tinymce widget_black_studio_tinymce panel-first-child panel-last-child\" data-index=\"5\" ><div class=\"textwidget\"><h2><span style=\"color: #000000;\">Services we offer at\u00a0Locksmith Downtown Montreal :<\/span><\/h2>\n<ul>\n<li><span style=\"color: #000000;\">- 24 Hour 7 days a week Emergency Locksmith Montreal<\/span><\/li>\n<li><span style=\"color: #000000;\">- Transponder and chip keys on site<\/span><\/li>\n<li><span style=\"color: #000000;\">- Residential Locksmith\u00a0Montreal<\/span><\/li>\n<li><span style=\"color: #000000;\">- Door Operating Devices<\/span><\/li>\n<li><span style=\"color: #000000;\">- Digital Locks<\/span><\/li>\n<li><span style=\"color: #000000;\">- Emergency Locksmith\u00a0Montreal<\/span><\/li>\n<li><span style=\"color: #000000;\">- Commercial Locksmith\u00a0Montreal<\/span><\/li>\n<li><span style=\"color: #000000;\">- High Security Locks<\/span><\/li>\n<li><span style=\"color: #000000;\">- Medium Security Locks<\/span><\/li>\n<li><span style=\"color: #000000;\">- Master Key System<\/span><\/li>\n<li><span style=\"color: #000000;\">- Lock Installation<\/span><\/li>\n<li><span style=\"color: #000000;\">- Change Safe Combo<\/span><\/li>\n<li><span style=\"color: #000000;\">- Fire Exit Devices<\/span><\/li>\n<li><span style=\"color: #000000;\">- Gain Entry<\/span><\/li>\n<\/ul>\n<\/div><\/div><\/div><div id=\"pgc-1564-3-1\"  class=\"panel-grid-cell\" ><div id=\"panel-1564-3-1-0\" class=\"so-panel widget widget_black-studio-tinymce widget_black_studio_tinymce panel-first-child panel-last-child\" data-index=\"6\" ><div class=\"textwidget\"><p><span class=\"\" style=\"display:block;clear:both;height: 0px;padding-top: 20px;border-top-width:0px;border-bottom-width:0px;\"><\/span><\/p>\n<p><iframe loading=\"lazy\" src=\"https:\/\/www.google.com\/maps\/embed?pb=!1m18!1m12!1m3!1d11184.86295290724!2d-73.57628725361806!3d45.50573556562208!2m3!1f0!2f0!3f0!3m2!1i1024!2i768!4f13.1!3m3!1m2!1s0x4cc91a42465421bd%3A0xfbb91c3e6b1f6a78!2sDowntown%20Montreal%2C%20Montreal%2C%20QC!5e0!3m2!1sen!2sca!4v1570199800479!5m2!1sen!2sca\" width=\"400\" height=\"450\" frameborder=\"0\" style=\"border:0;\" allowfullscreen=\"\"><\/iframe><\/p>\n<\/div><\/div><\/div><\/div><\/div>","protected":false},"excerpt":{"rendered":"<p>Locksmith Downtown Montreal Locksmith Downtown Montreal\u00a0offers 24 Hours Locksmith in Montreal as one of it may locksmith services. We are a fully licensed business that boasts a team of certified, highly skilled technicians Best Locksmith Company in Montreal Our trained locksmith team is adept at resolving any possible complication in a swift and efficient manner. <a class=\"moretag\" href=\"https:\/\/serrurier-plateau.com\/en\/locksmith-downtown-montreal\/\">Read More &#8230;<\/a><\/p>\n","protected":false},"author":1,"featured_media":0,"parent":0,"menu_order":0,"comment_status":"closed","ping_status":"closed","template":"full-width-page.php","meta":{"footnotes":""},"class_list":["post-1564","page","type-page","status-publish","hentry"],"_links":{"self":[{"href":"https:\/\/serrurier-plateau.com\/en\/wp-json\/wp\/v2\/pages\/1564","targetHints":{"allow":["GET"]}}],"collection":[{"href":"https:\/\/serrurier-plateau.com\/en\/wp-json\/wp\/v2\/pages"}],"about":[{"href":"https:\/\/serrurier-plateau.com\/en\/wp-json\/wp\/v2\/types\/page"}],"author":[{"embeddable":true,"href":"https:\/\/serrurier-plateau.com\/en\/wp-json\/wp\/v2\/users\/1"}],"replies":[{"embeddable":true,"href":"https:\/\/serrurier-plateau.com\/en\/wp-json\/wp\/v2\/comments?post=1564"}],"version-history":[{"count":33,"href":"https:\/\/serrurier-plateau.com\/en\/wp-json\/wp\/v2\/pages\/1564\/revisions"}],"predecessor-version":[{"id":15014,"href":"https:\/\/serrurier-plateau.com\/en\/wp-json\/wp\/v2\/pages\/1564\/revisions\/15014"}],"wp:attachment":[{"href":"https:\/\/serrurier-plateau.com\/en\/wp-json\/wp\/v2\/media?parent=1564"}],"curies":[{"name":"wp","href":"https:\/\/api.w.org\/{rel}","templated":true}]}}