{"id":3547,"date":"2016-12-14T22:24:05","date_gmt":"2016-12-14T22:24:05","guid":{"rendered":"https:\/\/serrurier-plateau.com\/?page_id=3547"},"modified":"2019-06-15T20:46:08","modified_gmt":"2019-06-15T20:46:08","slug":"residential-locksmith","status":"publish","type":"page","link":"https:\/\/serrurier-plateau.com\/en\/residential-locksmith\/","title":{"rendered":"Residential Locksmith"},"content":{"rendered":"<div id=\"pl-3547\"  class=\"panel-layout\" ><div id=\"pg-3547-0\"  class=\"panel-grid panel-no-style\" ><div id=\"pgc-3547-0-0\"  class=\"panel-grid-cell\" ><div id=\"panel-3547-0-0-0\" class=\"so-panel widget widget_sow-editor panel-first-child panel-last-child\" data-index=\"0\" ><div\n\t\t\t\n\t\t\tclass=\"so-widget-sow-editor so-widget-sow-editor-base\"\n\t\t\t\n\t\t>\n<div class=\"siteorigin-widget-tinymce textwidget\">\n\t<p><a href=\"https:\/\/serrurier-plateau.com\/\">Serrurier Plateau<\/a> &gt;\u00a0Residential Locksmith<\/p>\n<h1>Residential Locksmith<\/h1>\n<p><span style=\"color: #000000;\">Our residential locksmith service was established to provide fast residential locksmith services to any person who is in need of them.<br \/>\nWe\u00a0have a solution for any kind of problem, be it in your car, home, or office.<br \/>\nThe company is composed of qualified locksmiths who specialize in repairing and replacing all kinds of locks \u2013 electronic locks, combination locks, and high security locks.<br \/>\nOur\u00a0services are available at all times on all days \u2013 be it a weekend or a holiday, you can trust our residential locksmith service to come to your place of need at the right time.<br \/>\nWe\u00a0serve the city throughout the day and specialize in responding quickly during any kind of emergency.<\/span><\/p>\n<p><strong><span style=\"color: #ffffff;\"><a class=\"button darkblue\" style=\"color: #ffffff;\" href=\"tel:4382882819\" target=\"_blank\" rel=\"noopener\">For Service call (438) 288-2819<\/a><\/span><\/strong><\/p>\n<\/div>\n<\/div><\/div><\/div><div id=\"pgc-3547-0-1\"  class=\"panel-grid-cell\" ><div id=\"panel-3547-0-1-0\" class=\"so-panel widget widget_sow-editor panel-first-child\" data-index=\"1\" ><div\n\t\t\t\n\t\t\tclass=\"so-widget-sow-editor so-widget-sow-editor-base\"\n\t\t\t\n\t\t>\n<div class=\"siteorigin-widget-tinymce textwidget\">\n\t<div><span class=\"\" style=\"display:block;clear:both;height: 0px;padding-top: 60px;border-top-width:0px;border-bottom-width:0px;\"><\/span><\/div>\n<div class=\"icon\"><img decoding=\"async\" src=\"https:\/\/www.a-1locksmith.com\/wp-content\/uploads\/2018\/07\/commercial-service-icon2.svg\" alt=\"\" \/><\/div>\n<h4 class=\"item-title\">GENERAL SERVICES<\/h4>\n<div class=\"item-body\">\n<ul>\n<li><span style=\"color: #000000;\">- <a href=\"https:\/\/serrurier-plateau.com\/en\/rekey-locks\/\">Re-Key existing locks<\/a><\/span><\/li>\n<li><span style=\"color: #000000;\">- Install new lock hardware<\/span><\/li>\n<li><span style=\"color: #000000;\">- New home security survey<\/span><\/li>\n<li><span style=\"color: #000000;\">- Child safety locks<\/span><\/li>\n<\/ul>\n<\/div>\n<\/div>\n<\/div><\/div><div id=\"panel-3547-0-1-1\" class=\"so-panel widget widget_sow-editor panel-last-child\" data-index=\"2\" ><div\n\t\t\t\n\t\t\tclass=\"so-widget-sow-editor so-widget-sow-editor-base\"\n\t\t\t\n\t\t>\n<div class=\"siteorigin-widget-tinymce textwidget\">\n\t<div class=\"icon\"><img decoding=\"async\" src=\"https:\/\/www.a-1locksmith.com\/wp-content\/uploads\/2018\/07\/key-3-128-1.png\" alt=\"\" \/><\/div>\n<h4 class=\"item-title\">KEY SERVICES<\/h4>\n<div class=\"item-body\">\n<ul>\n<li><span style=\"color: #000000;\">- Key duplication<\/span><\/li>\n<li><span style=\"color: #000000;\">- Unlock services<\/span><\/li>\n<li><span style=\"color: #000000;\">- Key creation<\/span><\/li>\n<li><span style=\"color: #000000;\">- Spare key holders<\/span><\/li>\n<\/ul>\n<\/div>\n<\/div>\n<\/div><\/div><\/div><div id=\"pgc-3547-0-2\"  class=\"panel-grid-cell\" ><div id=\"panel-3547-0-2-0\" class=\"so-panel widget widget_sow-editor panel-first-child\" data-index=\"3\" ><div\n\t\t\t\n\t\t\tclass=\"so-widget-sow-editor so-widget-sow-editor-base\"\n\t\t\t\n\t\t>\n<div class=\"siteorigin-widget-tinymce textwidget\">\n\t<div><span class=\"\" style=\"display:block;clear:both;height: 0px;padding-top: 60px;border-top-width:0px;border-bottom-width:0px;\"><\/span><\/div>\n<div class=\"icon\"><img decoding=\"async\" src=\"https:\/\/www.a-1locksmith.com\/wp-content\/uploads\/2018\/07\/commercial-service-icon3.svg\" alt=\"\" \/><\/div>\n<h4 class=\"item-title\">REPAIR SERVICES<\/h4>\n<div class=\"item-body\">\n<ul>\n<li><span style=\"color: #000000;\">- <a href=\"https:\/\/serrurier-plateau.com\/en\/lock-repair\/\">Lock \/ Deadbolt repair<\/a><\/span><\/li>\n<li><span style=\"color: #000000;\">- Stuck \/ No closing locks<\/span><\/li>\n<li><span style=\"color: #000000;\">- Strike plate adjustments<\/span><\/li>\n<li><span style=\"color: #000000;\">- Broken key extractions<\/span><\/li>\n<\/ul>\n<\/div>\n<\/div>\n<\/div><\/div><div id=\"panel-3547-0-2-1\" class=\"so-panel widget widget_sow-editor panel-last-child\" data-index=\"4\" ><div\n\t\t\t\n\t\t\tclass=\"so-widget-sow-editor so-widget-sow-editor-base\"\n\t\t\t\n\t\t>\n<div class=\"siteorigin-widget-tinymce textwidget\">\n\t<div class=\"icon\"><img decoding=\"async\" src=\"https:\/\/www.a-1locksmith.com\/wp-content\/uploads\/2018\/07\/commercial-service-icon4.svg\" alt=\"\" \/><\/div>\n<h4 class=\"item-title\">ADDITIONAL SERVICES<\/h4>\n<div class=\"item-body\">\n<ul>\n<li><span style=\"color: #000000;\">- Home security systems<\/span><\/li>\n<li><span style=\"color: #000000;\">- Digital deadbolt installs<\/span><\/li>\n<li><span style=\"color: #000000;\">- High security locks<\/span><\/li>\n<li><span style=\"color: #000000;\">- Front door Bell<\/span><\/li>\n<\/ul>\n<\/div>\n<\/div>\n<\/div><\/div><\/div><\/div><div id=\"pg-3547-1\"  class=\"panel-grid panel-no-style\" ><div id=\"pgc-3547-1-0\"  class=\"panel-grid-cell\" ><div id=\"panel-3547-1-0-0\" class=\"so-panel widget widget_sow-editor panel-first-child panel-last-child\" data-index=\"5\" ><div\n\t\t\t\n\t\t\tclass=\"so-widget-sow-editor so-widget-sow-editor-base\"\n\t\t\t\n\t\t>\n<div class=\"siteorigin-widget-tinymce textwidget\">\n\t<div class=\"icon\">\n<p><strong>\u00a0<img loading=\"lazy\" decoding=\"async\" class=\"alignnone size-full wp-image-14726\" src=\"https:\/\/serrurier-plateau.com\/wp-content\/uploads\/2019\/06\/license-1.png\" alt=\"BSP Licensed Locksmiths\" width=\"64\" height=\"64\" \/>\u00a0<span style=\"color: #121212; font-size: 18px;\">BSP Licensed Locksmiths<br \/>\n<\/span><\/strong><\/p>\n<hr \/>\n<\/div>\n<div class=\"text-wrap\">\n<div class=\"text\">\n<p><span style=\"color: #000000;\">All of our locksmiths are licensed by the\u00a0Bureau de la S\u00e9curit\u00e9 priv\u00e9e background checks.<\/span><\/p>\n<\/div>\n<\/div>\n<\/div>\n<\/div><\/div><\/div><div id=\"pgc-3547-1-1\"  class=\"panel-grid-cell\" ><div id=\"panel-3547-1-1-0\" class=\"so-panel widget widget_sow-editor panel-first-child panel-last-child\" data-index=\"6\" ><div\n\t\t\t\n\t\t\tclass=\"so-widget-sow-editor so-widget-sow-editor-base\"\n\t\t\t\n\t\t>\n<div class=\"siteorigin-widget-tinymce textwidget\">\n\t<div class=\"icon\">\n<p><img loading=\"lazy\" decoding=\"async\" class=\"alignnone size-full wp-image-14728\" src=\"https:\/\/serrurier-plateau.com\/wp-content\/uploads\/2019\/06\/protection-1.png\" alt=\"Bonded &amp; Insured\" width=\"64\" height=\"64\" \/>\u00a0<span style=\"color: #121212; font-size: 18px;\"><span style=\"color: #121212; font-size: 18px;\"><strong>Always Bonded &amp; Insured<\/strong><br \/>\n<\/span><\/span><\/p>\n<hr \/>\n<\/div>\n<div class=\"text-wrap\">\n<div class=\"text\">\n<p><span style=\"color: #000000;\">Every technician we send out is bonded and insured against damage to your property.<\/span><\/p>\n<\/div>\n<\/div>\n<\/div>\n<\/div><\/div><\/div><div id=\"pgc-3547-1-2\"  class=\"panel-grid-cell\" ><div id=\"panel-3547-1-2-0\" class=\"so-panel widget widget_sow-editor panel-first-child panel-last-child\" data-index=\"7\" ><div\n\t\t\t\n\t\t\tclass=\"so-widget-sow-editor so-widget-sow-editor-base\"\n\t\t\t\n\t\t>\n<div class=\"siteorigin-widget-tinymce textwidget\">\n\t<div class=\"icon\">\n<p><img loading=\"lazy\" decoding=\"async\" class=\"alignnone size-full wp-image-14730\" src=\"https:\/\/serrurier-plateau.com\/wp-content\/uploads\/2019\/06\/payment-method-1.png\" alt=\"Payments\" width=\"64\" height=\"64\" \/>\u00a0\u00a0<strong><span style=\"color: #121212; font-size: 18px;\">Professional Payments<br \/>\n<\/span><\/strong><\/p>\n<hr \/>\n<\/div>\n<div class=\"text-wrap\">\n<div class=\"text\">\n<p><span style=\"color: #000000;\">We can take your payment professionally without having to call it into a stranger on the phone.<\/span><\/p>\n<\/div>\n<\/div>\n<\/div>\n<\/div><\/div><\/div><\/div><div id=\"pg-3547-2\"  class=\"panel-grid panel-has-style\" ><div class=\"siteorigin-panels-stretch panel-row-style panel-row-style-for-3547-2\" data-stretch-type=\"full\" ><div id=\"pgc-3547-2-0\"  class=\"panel-grid-cell panel-grid-cell-empty\" ><\/div><div id=\"pgc-3547-2-1\"  class=\"panel-grid-cell panel-grid-cell-mobile-last\" ><div id=\"panel-3547-2-1-0\" class=\"so-panel widget widget_sow-editor panel-first-child panel-last-child\" data-index=\"8\" ><div class=\"panel-widget-style panel-widget-style-for-3547-2-1-0\" ><div\n\t\t\t\n\t\t\tclass=\"so-widget-sow-editor so-widget-sow-editor-base\"\n\t\t\t\n\t\t>\n<div class=\"siteorigin-widget-tinymce textwidget\">\n\t<h2 class=\"listicle-h2\" style=\"text-align: center;\"><img loading=\"lazy\" decoding=\"async\" class=\"alignnone size-full wp-image-13458\" src=\"https:\/\/serrurier-plateau.com\/wp-content\/uploads\/2019\/03\/tips.png\" alt=\"Locksmith Tip\" width=\"64\" height=\"64\" \/><\/h2>\n<h2 class=\"listicle-h2\" style=\"text-align: center;\">TIP: The best lock is a deadbolt that\u2019s properly installed<\/h2>\n<\/div>\n<\/div><\/div><\/div><\/div><div id=\"pgc-3547-2-2\"  class=\"panel-grid-cell panel-grid-cell-empty\" ><\/div><\/div><\/div><div id=\"pg-3547-3\"  class=\"panel-grid panel-no-style\" ><div id=\"pgc-3547-3-0\"  class=\"panel-grid-cell\" ><div id=\"panel-3547-3-0-0\" class=\"so-panel widget widget_sow-editor panel-first-child panel-last-child\" data-index=\"9\" ><div\n\t\t\t\n\t\t\tclass=\"so-widget-sow-editor so-widget-sow-editor-base\"\n\t\t\t\n\t\t>\n<div class=\"siteorigin-widget-tinymce textwidget\">\n\t<h2 class=\"title\"><strong>Need Your Locks Changed? We Can Help<\/strong>.<\/h2>\n<p><span style=\"color: #000000;\">One could find oneself in the need of locksmith services at any time of the day.<br \/>\nIn fact, the condition could be a surprise and require the person to take immediate action.<br \/>\nFor instance, if you come back home late at night from a party only to find the key missing from your wallet, what do you do? Call a trustworthy locksmith service who will readily cater to your needs at such an odd time as well.<\/span><\/p>\n<\/div>\n<\/div><\/div><\/div><div id=\"pgc-3547-3-1\"  class=\"panel-grid-cell\" ><div id=\"panel-3547-3-1-0\" class=\"so-panel widget widget_sow-editor panel-first-child panel-last-child\" data-index=\"10\" ><div\n\t\t\t\n\t\t\tclass=\"so-widget-sow-editor so-widget-sow-editor-base\"\n\t\t\t\n\t\t>\n<div class=\"siteorigin-widget-tinymce textwidget\">\n\t<span class=\"\" style=\"display:block;clear:both;height: 0px;padding-top: 40px;border-top-width:0px;border-bottom-width:0px;\"><\/span>\n<p><img loading=\"lazy\" decoding=\"async\" class=\"alignnone size-full wp-image-11813\" src=\"https:\/\/serrurier-plateau.com\/wp-content\/uploads\/2019\/02\/Keyless-locks-3.jpg\" alt=\"high security locks\" width=\"560\" height=\"315\" srcset=\"https:\/\/serrurier-plateau.com\/wp-content\/uploads\/2019\/02\/Keyless-locks-3.jpg 560w, https:\/\/serrurier-plateau.com\/wp-content\/uploads\/2019\/02\/Keyless-locks-3-300x169.jpg 300w\" sizes=\"auto, (max-width: 560px) 100vw, 560px\" \/><\/p>\n<\/div>\n<\/div><\/div><\/div><\/div><div id=\"pg-3547-4\"  class=\"panel-grid panel-no-style\" ><div id=\"pgc-3547-4-0\"  class=\"panel-grid-cell\" ><div id=\"panel-3547-4-0-0\" class=\"so-panel widget widget_sow-editor panel-first-child panel-last-child\" data-index=\"11\" ><div\n\t\t\t\n\t\t\tclass=\"so-widget-sow-editor so-widget-sow-editor-base\"\n\t\t\t\n\t\t>\n<div class=\"siteorigin-widget-tinymce textwidget\">\n\t<span class=\"\" style=\"display:block;clear:both;height: 0px;padding-top: 40px;border-top-width:0px;border-bottom-width:0px;\"><\/span>\n<p><img loading=\"lazy\" decoding=\"async\" class=\"alignnone wp-image-11805 size-full\" src=\"https:\/\/serrurier-plateau.com\/wp-content\/uploads\/2019\/02\/Keyless-locks-1.jpg\" alt=\"Locksmith Plateau\" width=\"560\" height=\"315\" srcset=\"https:\/\/serrurier-plateau.com\/wp-content\/uploads\/2019\/02\/Keyless-locks-1.jpg 560w, https:\/\/serrurier-plateau.com\/wp-content\/uploads\/2019\/02\/Keyless-locks-1-300x169.jpg 300w\" sizes=\"auto, (max-width: 560px) 100vw, 560px\" \/><\/p>\n<\/div>\n<\/div><\/div><\/div><div id=\"pgc-3547-4-1\"  class=\"panel-grid-cell\" ><div id=\"panel-3547-4-1-0\" class=\"so-panel widget widget_sow-editor panel-first-child panel-last-child\" data-index=\"12\" ><div\n\t\t\t\n\t\t\tclass=\"so-widget-sow-editor so-widget-sow-editor-base\"\n\t\t\t\n\t\t>\n<div class=\"siteorigin-widget-tinymce textwidget\">\n\t<h2 class=\"title\"><strong>Need Your Lock Repaired or Installed?<\/strong><\/h2>\n<p><span style=\"color: #000000;\">Why should you choose them for Locksmith Plateau? Because these conditions distinguish Locksmith Plateau from any other locksmith service provider you might have seen.<br \/>\nWe\u00a0understand that you must be in a critical situation that requires immediate help and will be at your service in no time and make sure you don't remain locked out from your place.<br \/>\nMontreal Locksmith\u2019s technicians can remove, open and install a huge range of lock types quickly and easily.<\/span><\/p>\n<\/div>\n<\/div><\/div><\/div><\/div><\/div>","protected":false},"excerpt":{"rendered":"<p>Serrurier Plateau &gt;\u00a0Residential Locksmith Residential Locksmith Our residential locksmith service was established to provide fast residential locksmith services to any person who is in need of them. We\u00a0have a solution for any kind of problem, be it in your car, home, or office. The company is composed of qualified locksmiths who specialize in repairing and <a class=\"moretag\" href=\"https:\/\/serrurier-plateau.com\/en\/residential-locksmith\/\">Read More &#8230;<\/a><\/p>\n","protected":false},"author":1,"featured_media":0,"parent":0,"menu_order":0,"comment_status":"closed","ping_status":"closed","template":"full-width-page.php","meta":{"footnotes":""},"class_list":["post-3547","page","type-page","status-publish","hentry"],"_links":{"self":[{"href":"https:\/\/serrurier-plateau.com\/en\/wp-json\/wp\/v2\/pages\/3547","targetHints":{"allow":["GET"]}}],"collection":[{"href":"https:\/\/serrurier-plateau.com\/en\/wp-json\/wp\/v2\/pages"}],"about":[{"href":"https:\/\/serrurier-plateau.com\/en\/wp-json\/wp\/v2\/types\/page"}],"author":[{"embeddable":true,"href":"https:\/\/serrurier-plateau.com\/en\/wp-json\/wp\/v2\/users\/1"}],"replies":[{"embeddable":true,"href":"https:\/\/serrurier-plateau.com\/en\/wp-json\/wp\/v2\/comments?post=3547"}],"version-history":[{"count":40,"href":"https:\/\/serrurier-plateau.com\/en\/wp-json\/wp\/v2\/pages\/3547\/revisions"}],"predecessor-version":[{"id":14732,"href":"https:\/\/serrurier-plateau.com\/en\/wp-json\/wp\/v2\/pages\/3547\/revisions\/14732"}],"wp:attachment":[{"href":"https:\/\/serrurier-plateau.com\/en\/wp-json\/wp\/v2\/media?parent=3547"}],"curies":[{"name":"wp","href":"https:\/\/api.w.org\/{rel}","templated":true}]}}